{"id":3694,"date":"2021-04-14T19:35:22","date_gmt":"2021-04-14T19:35:22","guid":{"rendered":"https:\/\/sunviewdoors.mydev.ca\/index.php\/media\/news-releases\/clone-of-sunview-patio-doors-celebrates-40th-anniversary\/"},"modified":"2021-04-19T17:11:44","modified_gmt":"2021-04-19T17:11:44","slug":"clone-of-sunview-patio-doors-celebrates-40th-anniversary","status":"publish","type":"page","link":"https:\/\/sunviewdoors.mydev.ca\/fr\/index.php\/news-releases\/communiques\/clone-of-sunview-patio-doors-celebrates-40th-anniversary\/","title":{"rendered":"Sunview Patio Doors Celebrates 40th Anniversary &#8211; FR"},"content":{"rendered":"<h1 style=\"\">Communiqu\u00e9s<\/h1>\n<h1 style=\"\">Sunview Patio Doors c\u00e9l\u00e8bre son 40e anniversaire et le succ\u00e8s d\u2019une croissance acc\u00e9l\u00e9r\u00e9e.<\/h1>\n<table>\n<tbody>\n<tr>\n<td width=\"319\" valign=\"top\">\n<p>Sunview Patio Doors Ltd. (Sunview) a annonc\u00e9 aujourd\u2019hui la c\u00e9l\u00e9bration officielle de son 40e anniversaire d\u2019existence. Son histoire a commenc\u00e9 par une petite entreprise familiale qui desservait Toronto et sa r\u00e9gion proche, pour devenir un important fabricant de portes patio avec des clients sur l\u2019ensemble du Canada et des \u00c9tats-Unis. Forte de ces quatre d\u00e9cennies, l\u2019\u00e9quipe de Sunview est fi\u00e8re de pr\u00e9senter la longue histoire de leur entreprise.<\/p>\n<\/td>\n<\/tr>\n<tr>\n<td width=\"319\" valign=\"top\">\n<p>Nomm\u00e9e Sunview Doors \u00e0 l\u2019origine, en 1978, par la famille Di Iorio, la compagnie d\u00e9buta avec huit employ\u00e9s dans une usine de 930 m2 au nord de Toronto. Au tout d\u00e9but, en ne vendant qu\u2019un seul type de porte en aluminium \u00e0 3 panneaux, la compagnie a r\u00e9ussi pendant les ann\u00e9es 1980, p\u00e9riode prosp\u00e8re du d\u00e9veloppement des grands b\u00e2timents \u00e0 Toronto. Sunview a servi ses premiers clients internationaux dans les ann\u00e9es 1990, avec des ventes importantes au Japon, en Afrique du Sud et aux \u00c9tats-Unis. Ce succ\u00e8s a int\u00e9ress\u00e9 le pionnier en extrusions canadien Vic De Zen qui, en 2008, a achet\u00e9 Sunview et l\u2019a incorpor\u00e9 au groupe d\u2019entreprises Vision (Groupe Vision).<\/p>\n<\/td>\n<\/tr>\n<tr>\n<td width=\"319\" valign=\"top\">\n<p>\u00ab Lorsque nous avons d\u00e9cid\u00e9 d\u2019acheter Sunview Doors en 2008, nous savions que c\u2019\u00e9tait une firme avec un immense potentiel de croissance, d\u00e9clare Vic De Zen, pr\u00e9sident et fondateur du groupe d\u2019entreprises Vision. En tant que membre de ce groupe, Sunview a pu transformer nos capacit\u00e9s d\u2019extrusion de classe mondiale en des produits de haute qualit\u00e9 et durables pour les utilisateurs. La croissance spectaculaire qu\u2019a connue Sunview depuis 2008 est en grande partie due \u00e0 son int\u00e9gration verticale avec notre groupe d\u2019entreprises. \u00bb<\/p>\n<\/td>\n<\/tr>\n<tr>\n<td width=\"319\" valign=\"top\">\n<p>Avant de devenir membre du Groupe Vision, Sunview proposait trois produits (deux en aluminium et un en vinyle). De nos jours, la compagnie pr\u00e9sente 13 gammes de produits, y compris trois portes en aluminium, huit en vinyle et deux syst\u00e8mes de murs de verre. Depuis 1978, le personnel est pass\u00e9 \u00e0 plus de 220 employ\u00e9s et ses installations sont plus de vingt fois plus grandes que pour l\u2019usine de ses d\u00e9buts.<\/p>\n<table>\n<tbody>\n<tr>\n<td width=\"319\" valign=\"top\">\n<p>Le chiffre d\u2019affaires de Sunview a \u00e9galement progress\u00e9 depuis l\u2019acquisition en 2008 ; d\u00e8s la fin de 2016, ses revenus annuels avaient doubl\u00e9 et Sunview devenait le fabricant exclusif de portes patio le plus important en Am\u00e9rique du Nord. Le succ\u00e8s est d\u00fb en grande partie au regroupement d\u2019un puissant r\u00e9seau de distribution de fabricants de fen\u00eatres, de promoteurs, d\u2019architectes, etc., ainsi qu\u2019\u00e0 une meilleure pr\u00e9sence sur le march\u00e9 am\u00e9ricain et \u00e0 d\u2019excellents rapports avec certains des plus grands fabricants de fen\u00eatres en Am\u00e9rique du Nord.<\/p>\n<\/td>\n<\/tr>\n<tr>\n<td width=\"319\" valign=\"top\">\n<p>\u00ab D\u2019avoir la possibilit\u00e9 de participer \u00e0 la croissance de Sunview au cours des dix derni\u00e8res ann\u00e9es a \u00e9t\u00e9 extraordinaire, d\u00e9clare Tony Margiotta, pr\u00e9sident de Sunview Patio Doors. Le service exceptionnel \u00e0 la client\u00e8le, la fabrication de qualit\u00e9 et l\u2019innovation des produits sont trois des valeurs fondamentales de notre compagnie, et je crois que ces valeurs ont guid\u00e9 notre route jusqu\u2019\u00e0 ce jour. Notre engagement envers le d\u00e9veloppement des produits et l\u2019innovation a \u00e9clair\u00e9 ce chemin vers une croissance acc\u00e9l\u00e9r\u00e9e pour les ann\u00e9es \u00e0 venir. J\u2019ai l\u2019honneur de c\u00e9l\u00e9brer le 40e anniversaire de la compagnie avec l\u2019ensemble de l\u2019\u00e9quipe de Sunview, et je suis vraiment confiant dans notre avenir. \u00bb<\/p>\n<\/td>\n<\/tr>\n<tr>\n<td width=\"319\" valign=\"top\">\n<p>L\u2019utilisation progressive de la technologie a toujours fait partie int\u00e9grante de l\u2019histoire de Sunview. L\u2019entreprise a d\u00e9m\u00e9nag\u00e9 dans des installations ultramodernes au c\u0153ur du parc industriel de Vaughan en 2009. Ce nouvel ensemble poss\u00e8de un syst\u00e8me d\u2019entreposage enti\u00e8rement automatis\u00e9, des v\u00e9hicules guid\u00e9s automatis\u00e9s (AVG) et des syst\u00e8mes robotiques de manutention du verre. De plus, la compagnie a d\u00e9ploy\u00e9 une technologie de finition anti-UV parmi les premi\u00e8res au Canada : le syst\u00e8me exclusif ToughCoat UV.<\/p>\n<\/td>\n<\/tr>\n<tr>\n<td width=\"319\" valign=\"top\">\n<p>Sunview est aussi un chef de file en mati\u00e8re d\u2019innovation des produits, en \u00e9tant le premier \u00e0 concevoir et fabriquer des solutions uniques telles que la s\u00e9rie Hybride 2900 et le nouveau syst\u00e8me de mur de verre Leggera, d\u00e9j\u00e0 prim\u00e9 et qui utilise la l\u00e9vitation magn\u00e9tique de pointe pour soutenir de grands panneaux de verre tr\u00e8s lourds sans besoin de coulisses ni de galets.<\/p>\n<table>\n<tbody>\n<tr>\n<td width=\"319\" valign=\"top\">\n<p>Pour en savoir plus sur les produits Sunview, visitez notre site https:\/\/www.sunviewdoors.com. Au nom de toute l\u2019\u00e9quipe de Sunview Patio Doors, nous d\u00e9sirons remercier nos clients fid\u00e8les pour leur soutien constant ; cela a \u00e9t\u00e9 un immense plaisir de vous servir pendant 40 ans, et ce le sera encore pendant les nombreuses ann\u00e9es \u00e0 venir.<\/p>\n<\/td>\n<\/tr>\n<\/tbody>\n<\/table>\n<\/td>\n<\/tr>\n<\/tbody>\n<\/table>\n<\/td>\n<\/tr>\n<\/tbody>\n<\/table>\n<p>&nbsp;<\/p>\n<h3 valign=\"top\" width=\"319\">\n<p>Tout d\u2019abord, les portes patio Sunview sont constitu\u00e9es du vinyle le plus moderne qui soit. Ce vinyle est extrud\u00e9 par l\u2019\u00e9quipement de pointe du Groupe Vision qui utilise une recette de r\u00e9sine de haute qualit\u00e9 in\u00e9gal\u00e9e quant \u00e0 sa durabilit\u00e9, son poids r\u00e9duit et sa r\u00e9sistance contre l\u2019usure. Le r\u00e9sultat se compte en beaut\u00e9, rendement et fiabilit\u00e9. Gr\u00e2ce \u00e0 des accessoires de la plus haute qualit\u00e9, des options de couleurs et des possibilit\u00e9s de versions perfectionn\u00e9es, Sunview s\u2019efforce de toujours atteindre la satisfaction sup\u00e9rieure des acheteurs. Avec l\u2019une des garanties les plus compl\u00e8tes sur le march\u00e9, notre but est de fournir aux clients une qualit\u00e9 sup\u00e9rieure, un service irr\u00e9prochable et des prix vraiment comp\u00e9titifs.<\/p>\n<\/h3>\n<h3 valign=\"top\" width=\"319\">\n<p>Le Groupe Vision est un ensemble d\u2019entreprises ax\u00e9es \u00e0 la fois sur la technologie et sur la client\u00e8le dans l\u2019industrie des produits de construction. Son fondateur Vic De Zen a pass\u00e9 plus de 40 ans dans le secteur de la fabrication et c\u2019est un chef de file reconnu dans cette industrie. Le Groupe Vision procure toute une gamme de produits et de services : portes patio, colonnes, terrasses, cl\u00f4tures, balustrades, portes en acier, fen\u00eatres pour sous-sols, profil\u00e9s personnalis\u00e9s, pour le domaine des transports, services d\u2019enduits et de finition, \u00e9quipement d\u2019extrusion industrielle et entretien, avec l\u2019automatisation Vision. En outre, le mandat de Vision est d\u2019investir de fa\u00e7on continue dans les technologies qui ciblent le recyclage et la pr\u00e9servation de nos ressources naturelles. Les clients donnent vie \u00e0 leur Vision, \u00e0 partir d\u2019un seul endroit, du d\u00e9but \u00e0 la fin, et de fa\u00e7on rapide, efficace et abordable.<\/p>\n<\/h3>\n<table style=\"color: var(--tcb-skin-color-5); font-weight: var(--g-regular-weight, normal);\">\n<tbody>\n<tr>\n<td width=\"319\" valign=\"top\">\n<h3>\u00c0 propos de Sunview Patio Doors Ltd.<\/h3>\n<\/td>\n<\/tr>\n<tr><\/tr>\n<tr>\n<td width=\"319\" valign=\"top\">\n<h3>\u00c0 propos du groupe d\u2019entreprises Vision<\/h3>\n<\/td>\n<\/tr>\n<tr><\/tr>\n<\/tbody>\n<\/table>\n","protected":false},"excerpt":{"rendered":"<p>Communiqu\u00e9s Sunview Patio Doors c\u00e9l\u00e8bre son 40e anniversaire et le succ\u00e8s d\u2019une croissance acc\u00e9l\u00e9r\u00e9e. Sunview Patio Doors Ltd. (Sunview) a annonc\u00e9 aujourd\u2019hui la c\u00e9l\u00e9bration officielle de son 40e anniversaire d\u2019existence. Son histoire a commenc\u00e9 par une petite entreprise familiale qui desservait Toronto et sa r\u00e9gion proche, pour devenir un important fabricant de portes patio avec [&hellip;]<\/p>\n","protected":false},"author":2,"featured_media":0,"parent":3401,"menu_order":0,"comment_status":"closed","ping_status":"closed","template":"","meta":[],"yoast_head":"<!-- This site is optimized with the Yoast SEO plugin v16.3 - https:\/\/yoast.com\/wordpress\/plugins\/seo\/ -->\n<title>Sunview Patio Doors Celebrates 40th Anniversary &#8211; FR | Sunview Patio Doors<\/title>\n<meta name=\"robots\" content=\"noindex, follow, max-snippet:-1, max-image-preview:large, max-video-preview:-1\" \/>\n<meta property=\"og:locale\" content=\"fr_FR\" \/>\n<meta property=\"og:type\" content=\"article\" \/>\n<meta property=\"og:title\" content=\"Sunview Patio Doors Celebrates 40th Anniversary &#8211; FR | Sunview Patio Doors\" \/>\n<meta property=\"og:description\" content=\"Communiqu\u00e9s Sunview Patio Doors c\u00e9l\u00e8bre son 40e anniversaire et le succ\u00e8s d\u2019une croissance acc\u00e9l\u00e9r\u00e9e. Sunview Patio Doors Ltd. (Sunview) a annonc\u00e9 aujourd\u2019hui la c\u00e9l\u00e9bration officielle de son 40e anniversaire d\u2019existence. Son histoire a commenc\u00e9 par une petite entreprise familiale qui desservait Toronto et sa r\u00e9gion proche, pour devenir un important fabricant de portes patio avec [&hellip;]\" \/>\n<meta property=\"og:url\" content=\"https:\/\/sunviewdoors.mydev.ca\/fr\/index.php\/news-releases\/communiques\/clone-of-sunview-patio-doors-celebrates-40th-anniversary\/\" \/>\n<meta property=\"og:site_name\" content=\"Sunview Patio Doors\" \/>\n<meta property=\"article:modified_time\" content=\"2021-04-19T17:11:44+00:00\" \/>\n<meta name=\"twitter:card\" content=\"summary_large_image\" \/>\n<meta name=\"twitter:label1\" content=\"Dur\u00e9e de lecture est.\">\n\t<meta name=\"twitter:data1\" content=\"4 minutes\">\n<script type=\"application\/ld+json\" class=\"yoast-schema-graph\">{\"@context\":\"https:\/\/schema.org\",\"@graph\":[{\"@type\":\"Organization\",\"@id\":\"https:\/\/sunviewdoors.mydev.ca\/#organization\",\"name\":\"Sunview Patio Doors Ltd.\",\"url\":\"https:\/\/sunviewdoors.mydev.ca\/\",\"sameAs\":[],\"logo\":{\"@type\":\"ImageObject\",\"@id\":\"https:\/\/sunviewdoors.mydev.ca\/#logo\",\"inLanguage\":\"fr-FR\",\"url\":\"https:\/\/sunviewdoors.mydev.ca\/wp-content\/uploads\/2020\/10\/SV-Logo-1000x722-1.jpg\",\"contentUrl\":\"https:\/\/sunviewdoors.mydev.ca\/wp-content\/uploads\/2020\/10\/SV-Logo-1000x722-1.jpg\",\"width\":1000,\"height\":722,\"caption\":\"Sunview Patio Doors Ltd.\"},\"image\":{\"@id\":\"https:\/\/sunviewdoors.mydev.ca\/#logo\"}},{\"@type\":\"WebSite\",\"@id\":\"https:\/\/sunviewdoors.mydev.ca\/#website\",\"url\":\"https:\/\/sunviewdoors.mydev.ca\/\",\"name\":\"Sunview Patio Doors\",\"description\":\"Simply the industry&#039;s best!\",\"publisher\":{\"@id\":\"https:\/\/sunviewdoors.mydev.ca\/#organization\"},\"potentialAction\":[{\"@type\":\"SearchAction\",\"target\":\"https:\/\/sunviewdoors.mydev.ca\/?s={search_term_string}\",\"query-input\":\"required name=search_term_string\"}],\"inLanguage\":\"fr-FR\"},{\"@type\":\"WebPage\",\"@id\":\"https:\/\/sunviewdoors.mydev.ca\/fr\/index.php\/news-releases\/communiques\/clone-of-sunview-patio-doors-celebrates-40th-anniversary\/#webpage\",\"url\":\"https:\/\/sunviewdoors.mydev.ca\/fr\/index.php\/news-releases\/communiques\/clone-of-sunview-patio-doors-celebrates-40th-anniversary\/\",\"name\":\"Sunview Patio Doors Celebrates 40th Anniversary &#8211; FR | Sunview Patio Doors\",\"isPartOf\":{\"@id\":\"https:\/\/sunviewdoors.mydev.ca\/#website\"},\"datePublished\":\"2021-04-14T19:35:22+00:00\",\"dateModified\":\"2021-04-19T17:11:44+00:00\",\"breadcrumb\":{\"@id\":\"https:\/\/sunviewdoors.mydev.ca\/fr\/index.php\/news-releases\/communiques\/clone-of-sunview-patio-doors-celebrates-40th-anniversary\/#breadcrumb\"},\"inLanguage\":\"fr-FR\",\"potentialAction\":[{\"@type\":\"ReadAction\",\"target\":[\"https:\/\/sunviewdoors.mydev.ca\/fr\/index.php\/news-releases\/communiques\/clone-of-sunview-patio-doors-celebrates-40th-anniversary\/\"]}]},{\"@type\":\"BreadcrumbList\",\"@id\":\"https:\/\/sunviewdoors.mydev.ca\/fr\/index.php\/news-releases\/communiques\/clone-of-sunview-patio-doors-celebrates-40th-anniversary\/#breadcrumb\",\"itemListElement\":[{\"@type\":\"ListItem\",\"position\":1,\"item\":{\"@type\":\"WebPage\",\"@id\":\"https:\/\/sunviewdoors.mydev.ca\/fr\/\",\"url\":\"https:\/\/sunviewdoors.mydev.ca\/fr\/\",\"name\":\"Home\"}},{\"@type\":\"ListItem\",\"position\":2,\"item\":{\"@type\":\"WebPage\",\"@id\":\"https:\/\/sunviewdoors.mydev.ca\/fr\/index.php\/news-releases\/\",\"url\":\"https:\/\/sunviewdoors.mydev.ca\/fr\/index.php\/news-releases\/\",\"name\":\"Media &#8211; News Releases\"}},{\"@type\":\"ListItem\",\"position\":3,\"item\":{\"@type\":\"WebPage\",\"@id\":\"https:\/\/sunviewdoors.mydev.ca\/fr\/index.php\/news-releases\/communiques\/\",\"url\":\"https:\/\/sunviewdoors.mydev.ca\/fr\/index.php\/news-releases\/communiques\/\",\"name\":\"Communiqu\\u00e9s\"}},{\"@type\":\"ListItem\",\"position\":4,\"item\":{\"@id\":\"https:\/\/sunviewdoors.mydev.ca\/fr\/index.php\/news-releases\/communiques\/clone-of-sunview-patio-doors-celebrates-40th-anniversary\/#webpage\"}}]}]}<\/script>\n<!-- \/ Yoast SEO plugin. -->","_links":{"self":[{"href":"https:\/\/sunviewdoors.mydev.ca\/fr\/index.php\/wp-json\/wp\/v2\/pages\/3694"}],"collection":[{"href":"https:\/\/sunviewdoors.mydev.ca\/fr\/index.php\/wp-json\/wp\/v2\/pages"}],"about":[{"href":"https:\/\/sunviewdoors.mydev.ca\/fr\/index.php\/wp-json\/wp\/v2\/types\/page"}],"author":[{"embeddable":true,"href":"https:\/\/sunviewdoors.mydev.ca\/fr\/index.php\/wp-json\/wp\/v2\/users\/2"}],"replies":[{"embeddable":true,"href":"https:\/\/sunviewdoors.mydev.ca\/fr\/index.php\/wp-json\/wp\/v2\/comments?post=3694"}],"version-history":[{"count":7,"href":"https:\/\/sunviewdoors.mydev.ca\/fr\/index.php\/wp-json\/wp\/v2\/pages\/3694\/revisions"}],"predecessor-version":[{"id":3832,"href":"https:\/\/sunviewdoors.mydev.ca\/fr\/index.php\/wp-json\/wp\/v2\/pages\/3694\/revisions\/3832"}],"up":[{"embeddable":true,"href":"https:\/\/sunviewdoors.mydev.ca\/fr\/index.php\/wp-json\/wp\/v2\/pages\/3401"}],"wp:attachment":[{"href":"https:\/\/sunviewdoors.mydev.ca\/fr\/index.php\/wp-json\/wp\/v2\/media?parent=3694"}],"curies":[{"name":"wp","href":"https:\/\/api.w.org\/{rel}","templated":true}]}}