{"id":1832,"date":"2020-12-08T21:44:24","date_gmt":"2020-12-08T21:44:24","guid":{"rendered":"https:\/\/sunviewdoors.mydev.ca\/index.php\/glass-wall-systems\/"},"modified":"2021-05-21T11:17:56","modified_gmt":"2021-05-21T11:17:56","slug":"systemes-de-paroi-en-verre","status":"publish","type":"page","link":"https:\/\/sunviewdoors.mydev.ca\/fr\/index.php\/systemes-de-paroi-en-verre\/","title":{"rendered":"Syst\u00e8mes de Paroi en Verre"},"content":{"rendered":"<h1 style=\"\">Syst\u00e8mes de Paroi en Verre<\/h1>\n<h1 style=\"\">Nouvelles d\u00e9finitions du luxe !<\/h1>\n<p style=\"\">Les solutions de murs de verre Sunview forment des produits uniques con\u00e7us pour ceux qui appr\u00e9cient l\u2019\u00e9l\u00e9gance, un bon champ de vision et la libert\u00e9 que seuls des panneaux pliants ou tr\u00e8s vastes peuvent apporter.<\/p>\n<h2 style=\"\">Syst\u00e8mes de murs de verre<\/h2>\n<p style=\"\">Gr\u00e2ce \u00e0 une esth\u00e9tique luxueuse, de hautes performances et de nombreux cas d\u2019utilisations, nos syst\u00e8mes de murs de verre relient les gens \u00e0 la pleine nature.<\/p>\n<p><a href=\"https:\/\/sunviewdoors.mydev.ca\/fr\/index.php\/muskoka\/\" rel=\"\"><strong><span style=\"color: var(--tcb-skin-color-4);\">Syst\u00e8mes Muraux Pliants En Verre Muskoka<\/span><strong>&nbsp;&nbsp;<span>&gt;<\/span><\/strong><\/strong><\/a><a href=\"https:\/\/sunviewdoors.mydev.ca\/fr\/index.php\/systemes-de-paroi-en-verre\/leggera\/\" rel=\"\"><strong><span style=\"color: var(--tcb-skin-color-4);\">Syst\u00e8me des murs de verre Leggera<\/span><strong>&nbsp;&nbsp;<span>&gt;<\/span><\/strong><\/strong><\/a><\/p>\n","protected":false},"excerpt":{"rendered":"<p>Syst\u00e8mes de Paroi en Verre Nouvelles d\u00e9finitions du luxe ! Les solutions de murs de verre Sunview forment des produits uniques con\u00e7us pour ceux qui appr\u00e9cient l\u2019\u00e9l\u00e9gance, un bon champ de vision et la libert\u00e9 que seuls des panneaux pliants ou tr\u00e8s vastes peuvent apporter. Syst\u00e8mes de murs de verre Gr\u00e2ce \u00e0 une esth\u00e9tique luxueuse, [&hellip;]<\/p>\n","protected":false},"author":2,"featured_media":0,"parent":0,"menu_order":0,"comment_status":"closed","ping_status":"closed","template":"","meta":[],"yoast_head":"<!-- This site is optimized with the Yoast SEO plugin v16.3 - https:\/\/yoast.com\/wordpress\/plugins\/seo\/ -->\n<title>Syst\u00e8mes de Paroi en Verre | Sunview Patio Doors<\/title>\n<meta name=\"robots\" content=\"noindex, follow, max-snippet:-1, max-image-preview:large, max-video-preview:-1\" \/>\n<meta property=\"og:locale\" content=\"fr_FR\" \/>\n<meta property=\"og:type\" content=\"article\" \/>\n<meta property=\"og:title\" content=\"Syst\u00e8mes de Paroi en Verre | Sunview Patio Doors\" \/>\n<meta property=\"og:description\" content=\"Syst\u00e8mes de Paroi en Verre Nouvelles d\u00e9finitions du luxe ! Les solutions de murs de verre Sunview forment des produits uniques con\u00e7us pour ceux qui appr\u00e9cient l\u2019\u00e9l\u00e9gance, un bon champ de vision et la libert\u00e9 que seuls des panneaux pliants ou tr\u00e8s vastes peuvent apporter. Syst\u00e8mes de murs de verre Gr\u00e2ce \u00e0 une esth\u00e9tique luxueuse, [&hellip;]\" \/>\n<meta property=\"og:url\" content=\"https:\/\/sunviewdoors.mydev.ca\/fr\/index.php\/systemes-de-paroi-en-verre\/\" \/>\n<meta property=\"og:site_name\" content=\"Sunview Patio Doors\" \/>\n<meta property=\"article:modified_time\" content=\"2021-05-21T11:17:56+00:00\" \/>\n<meta name=\"twitter:card\" content=\"summary_large_image\" \/>\n<meta name=\"twitter:label1\" content=\"Dur\u00e9e de lecture est.\">\n\t<meta name=\"twitter:data1\" content=\"1 minute\">\n<script type=\"application\/ld+json\" class=\"yoast-schema-graph\">{\"@context\":\"https:\/\/schema.org\",\"@graph\":[{\"@type\":\"Organization\",\"@id\":\"https:\/\/sunviewdoors.mydev.ca\/#organization\",\"name\":\"Sunview Patio Doors Ltd.\",\"url\":\"https:\/\/sunviewdoors.mydev.ca\/\",\"sameAs\":[],\"logo\":{\"@type\":\"ImageObject\",\"@id\":\"https:\/\/sunviewdoors.mydev.ca\/#logo\",\"inLanguage\":\"fr-FR\",\"url\":\"https:\/\/sunviewdoors.mydev.ca\/wp-content\/uploads\/2020\/10\/SV-Logo-1000x722-1.jpg\",\"contentUrl\":\"https:\/\/sunviewdoors.mydev.ca\/wp-content\/uploads\/2020\/10\/SV-Logo-1000x722-1.jpg\",\"width\":1000,\"height\":722,\"caption\":\"Sunview Patio Doors Ltd.\"},\"image\":{\"@id\":\"https:\/\/sunviewdoors.mydev.ca\/#logo\"}},{\"@type\":\"WebSite\",\"@id\":\"https:\/\/sunviewdoors.mydev.ca\/#website\",\"url\":\"https:\/\/sunviewdoors.mydev.ca\/\",\"name\":\"Sunview Patio Doors\",\"description\":\"Simply the industry&#039;s best!\",\"publisher\":{\"@id\":\"https:\/\/sunviewdoors.mydev.ca\/#organization\"},\"potentialAction\":[{\"@type\":\"SearchAction\",\"target\":\"https:\/\/sunviewdoors.mydev.ca\/?s={search_term_string}\",\"query-input\":\"required name=search_term_string\"}],\"inLanguage\":\"fr-FR\"},{\"@type\":\"WebPage\",\"@id\":\"https:\/\/sunviewdoors.mydev.ca\/fr\/index.php\/systemes-de-paroi-en-verre\/#webpage\",\"url\":\"https:\/\/sunviewdoors.mydev.ca\/fr\/index.php\/systemes-de-paroi-en-verre\/\",\"name\":\"Syst\\u00e8mes de Paroi en Verre | Sunview Patio Doors\",\"isPartOf\":{\"@id\":\"https:\/\/sunviewdoors.mydev.ca\/#website\"},\"datePublished\":\"2020-12-08T21:44:24+00:00\",\"dateModified\":\"2021-05-21T11:17:56+00:00\",\"breadcrumb\":{\"@id\":\"https:\/\/sunviewdoors.mydev.ca\/fr\/index.php\/systemes-de-paroi-en-verre\/#breadcrumb\"},\"inLanguage\":\"fr-FR\",\"potentialAction\":[{\"@type\":\"ReadAction\",\"target\":[\"https:\/\/sunviewdoors.mydev.ca\/fr\/index.php\/systemes-de-paroi-en-verre\/\"]}]},{\"@type\":\"BreadcrumbList\",\"@id\":\"https:\/\/sunviewdoors.mydev.ca\/fr\/index.php\/systemes-de-paroi-en-verre\/#breadcrumb\",\"itemListElement\":[{\"@type\":\"ListItem\",\"position\":1,\"item\":{\"@type\":\"WebPage\",\"@id\":\"https:\/\/sunviewdoors.mydev.ca\/fr\/\",\"url\":\"https:\/\/sunviewdoors.mydev.ca\/fr\/\",\"name\":\"Home\"}},{\"@type\":\"ListItem\",\"position\":2,\"item\":{\"@id\":\"https:\/\/sunviewdoors.mydev.ca\/fr\/index.php\/systemes-de-paroi-en-verre\/#webpage\"}}]}]}<\/script>\n<!-- \/ Yoast SEO plugin. -->","_links":{"self":[{"href":"https:\/\/sunviewdoors.mydev.ca\/fr\/index.php\/wp-json\/wp\/v2\/pages\/1832"}],"collection":[{"href":"https:\/\/sunviewdoors.mydev.ca\/fr\/index.php\/wp-json\/wp\/v2\/pages"}],"about":[{"href":"https:\/\/sunviewdoors.mydev.ca\/fr\/index.php\/wp-json\/wp\/v2\/types\/page"}],"author":[{"embeddable":true,"href":"https:\/\/sunviewdoors.mydev.ca\/fr\/index.php\/wp-json\/wp\/v2\/users\/2"}],"replies":[{"embeddable":true,"href":"https:\/\/sunviewdoors.mydev.ca\/fr\/index.php\/wp-json\/wp\/v2\/comments?post=1832"}],"version-history":[{"count":16,"href":"https:\/\/sunviewdoors.mydev.ca\/fr\/index.php\/wp-json\/wp\/v2\/pages\/1832\/revisions"}],"predecessor-version":[{"id":4292,"href":"https:\/\/sunviewdoors.mydev.ca\/fr\/index.php\/wp-json\/wp\/v2\/pages\/1832\/revisions\/4292"}],"wp:attachment":[{"href":"https:\/\/sunviewdoors.mydev.ca\/fr\/index.php\/wp-json\/wp\/v2\/media?parent=1832"}],"curies":[{"name":"wp","href":"https:\/\/api.w.org\/{rel}","templated":true}]}}