{"id":1757,"date":"2020-11-02T13:28:29","date_gmt":"2020-11-02T13:28:29","guid":{"rendered":"https:\/\/sunviewdoors.mydev.ca\/index.php\/gamme-de-produits-sunview\/2900-hybrid-series-patio-doors\/"},"modified":"2021-05-21T12:19:58","modified_gmt":"2021-05-21T12:19:58","slug":"2900-hybrid","status":"publish","type":"page","link":"https:\/\/sunviewdoors.mydev.ca\/fr\/index.php\/aluminium\/2900-hybrid\/","title":{"rendered":"S\u00e9rie 2900 Hybride Aluminium\/vinyle"},"content":{"rendered":"<p><a href=\"https:\/\/sunviewdoors.mydev.ca\/fr\/index.php\/aluminium\/\"><\/a><a href=\"https:\/\/sunviewdoors.mydev.ca\/fr\/index.php\/aluminium\/\" style=\"outline: none;\">retour \u00e0 portes patio en aluminium<\/a><\/p>\n<h1 style=\"\"><strong><strong>S\u00e9rie 2900 Hybride Aluminium\/vinyle<\/strong><\/strong><\/h1>\n<p><span style=\"\"><img alt=\"\" data-id=\"1636\" data-init-width=\"2216\" data-init-height=\"2758\" title=\"2900_Door_Inside-Black\" loading=\"lazy\" src=\"https:\/\/sunviewdoors.mydev.ca\/wp-content\/uploads\/2020\/11\/2900_Door_Inside-Black-e1614615034952.png\" data-width=\"475\" data-height=\"591\" style=\"\" mt-d=\"0\" ml-d=\"0\" center-h-d=\"false\" width=\"475\" height=\"591\"><\/span><\/p>\n<p><strong>Le meilleur des deux mondes!<\/strong><\/p>\n<p>La porte patio innovante <strong>S\u00e9rie 2900 Hydride<\/strong> offre des avantages thermiques et structurels sup\u00e9rieurs, avec un niveau de performances in\u00e9gal\u00e9 dans les portes coulissantes en aluminium. Un entretien r\u00e9duit sassocie \u00e0 la qualit\u00e9, au style et \u00e0 la beaut\u00e9 quoffre le savoir-faire Sunview. Ajoutez \u00e0 cela une isolation am\u00e9lior\u00e9e pour des \u00e9conomies d\u00e9nergie par temps froid. Les portes en aluminium jouent \u00e9galement un grand r\u00f4le dans le contr\u00f4le des temp\u00e9ratures en \u00e9t\u00e9. Choisissez la porte <strong>S\u00e9rie 2900 Hybride<\/strong> pour sa solidit\u00e9 et sa durabilit\u00e9, associ\u00e9es \u00e0 une technologie thermique et \u00e0 la meilleure polyvalence en configurations.<\/p>\n<p><strong>Fonctionnalit\u00e9s principales<\/strong><\/p>\n<ul>\n<li>Moustiquaire robuste et \u00e9l\u00e9gante<\/li>\n<li>Couvercles sur les jambages internes et externeset sur le seuil<\/li>\n<li>Verre isolant de 1 po ou 1\u215c po<\/li>\n<li>Serrure de luxe avec cl\u00e9<\/li>\n<li>Roulettes ultra-silencieuses<\/li>\n<li>Cadre et seuil \u00e0 compartiments multiples<\/li>\n<li>Cadre et ch\u00e2ssis assembl\u00e9s m\u00e9caniquement<\/li>\n<li>Double bande d\u2019\u00e9tanch\u00e9it\u00e9 aux rails de rencontre<\/li>\n<\/ul>\n<p style=\"\"><strong><span style=\"font-size: 22px;\">Performances<\/span><\/strong><\/p>\n<ul>\n<li style=\"\">Coefficient U de 1,02 W\/m<sup>2<\/sup>.K (0,18 Btu\/hr.ft2.\u00b0F) avec vitrage triple et remplissage argon<\/li>\n<li style=\"\">Vitrage double standard conforme aux zones 1,2 Energy Star<sup>MD<\/sup><\/li>\n<li style=\"\">Conforme aux exigences structurelles de la classification DP80 (\u00b13840 Pa)<\/li>\n<li style=\"\">\u00c9tanch\u00e9it\u00e9 \u00e0 l\u2019eau \u00e0 580 Pa (12 psf), \u00e9quivalent \u00e0 des pluies battantes de 115 km\/h (71 mi\/h)<\/li>\n<li style=\"\">Profondeurs de cadre de 5\u215e po avec extensionsen option<\/li>\n<\/ul>\n<p style=\"\"><strong><span style=\"font-size: 22px;\">Autres b\u00e9n\u00e9fices<\/span><\/strong><\/p>\n<ul>\n<li style=\"\">Ensemble des cadres offrant des performances thermiques \u00e9lev\u00e9es<\/li>\n<li style=\"\">Ext\u00e9rieur en aluminium robuste avec int\u00e9rieur en vinyle chaud<\/li>\n<li style=\"\">Champ de vision optimis\u00e9 gr\u00e2ce aux profil\u00e9s \u00e9troits<\/li>\n<li style=\"\">Cadres minces pour s\u2019assortir \u00e0 l\u2019architecture moderne<\/li>\n<li style=\"\">Options de couleurs durables appliqu\u00e9es en usine<\/li>\n<li style=\"\">Ensembles en pi\u00e8ces d\u00e9tach\u00e9es faciles \u00e0 assembler et \u00e0 installer<\/li>\n<\/ul>\n<p><span style=\"\"><img alt=\"\" data-id=\"1679\" data-init-width=\"1536\" data-init-height=\"560\" title=\"Sunview-Hybrid-Door-Image-Nickel_1536\" src=\"https:\/\/sunviewdoors.mydev.ca\/wp-content\/uploads\/2020\/12\/Sunview-Hybrid-Door-Image-Nickel_1536.jpg\" data-width=\"884\" data-height=\"322\" style=\"\" ml-d=\"-312\" mt-d=\"0\" center-v-d=\"false\" loading=\"lazy\" center-h-d=\"false\" width=\"884\" height=\"322\"><\/span><a href=\"https:\/\/sunviewdoors.mydev.ca\/wp-content\/uploads\/2021\/02\/SV-2900-Hybrid-FR-31-Aug-20.pdf\" target=\"_blank\" rel=\"noopener\"><\/a><\/p>\n<p style=\"text-align: center;\"><a href=\"https:\/\/sunviewdoors.mydev.ca\/wp-content\/uploads\/2021\/02\/SV-2900-Hybrid-FR-31-Aug-20.pdf\" target=\"_blank\" style=\"outline: none;\" rel=\"noopener\">Te\u0301le\u0301charger le brochure<\/a><\/p>\n<p style=\"text-align: center;\"><strong><a href=\"https:\/\/www.arcat.com\/\" style=\"outline: none;\">ARCAT.com<\/a> <\/strong><span style=\"font-size: 14px;\">(en anglais)<\/span><\/p>\n<p style=\"text-align: center;\"><a href=\"https:\/\/www.arcat.com\/downloads\/search-51586-sunview_patio\/cad\/Q:Hybrid\/198457\" style=\"outline: none;\">D\u00e9tail CAO<\/a><\/p>\n<p style=\"text-align: center;\"><a href=\"https:\/\/www.arcat.com\/downloads\/search-51586-sunview_patio\/spec\/08162sun\/198457\" style=\"outline: none;\">Sp\u00e9cifications CSI<\/a><\/p>\n<p><span style=\"\"><img alt=\"\" data-id=\"1679\" data-init-width=\"1536\" data-init-height=\"560\" title=\"Sunview-Hybrid-Door-Image-Nickel_1536\" src=\"https:\/\/sunviewdoors.mydev.ca\/wp-content\/uploads\/2020\/12\/Sunview-Hybrid-Door-Image-Nickel_1536.jpg\" data-width=\"884\" data-height=\"322\" style=\"\" ml-d=\"-312\" mt-d=\"0\" center-v-d=\"false\" loading=\"lazy\" center-h-d=\"false\" ml-t=\"-197\" mt-t=\"0\" center-h-t=\"false\" ml-m=\"-160\" mt-m=\"0\" center-h-m=\"false\" width=\"884\" height=\"322\"><\/span><a href=\"https:\/\/sunviewdoors.mydev.ca\/wp-content\/uploads\/2021\/02\/SV-2900-Hybrid-FR-31-Aug-20.pdf\" target=\"_blank\" rel=\"noopener\"><\/a><\/p>\n<p style=\"text-align: center;\"><a href=\"https:\/\/sunviewdoors.mydev.ca\/wp-content\/uploads\/2021\/02\/SV-2900-Hybrid-FR-31-Aug-20.pdf\" target=\"_blank\" style=\"outline: none;\" rel=\"noopener\">Te\u0301le\u0301charger le brochure<\/a><\/p>\n<p style=\"text-align: center;\"><strong><a href=\"https:\/\/www.arcat.com\/\" style=\"outline: none;\">ARCAT.com<\/a> <\/strong><span>(en anglais)<\/span><\/p>\n<p style=\"text-align: center;\"><a href=\"https:\/\/www.arcat.com\/downloads\/search-51586-sunview_patio\/cad\/Q:Hybrid\/198457\" style=\"outline: none;\">D\u00e9tail CAO<\/a><\/p>\n<p style=\"text-align: center;\"><a href=\"https:\/\/www.arcat.com\/downloads\/search-51586-sunview_patio\/spec\/08162sun\/198457\" style=\"outline: none;\">Sp\u00e9cifications CSI<\/a><\/p>\n","protected":false},"excerpt":{"rendered":"<p>retour \u00e0 portes patio en aluminium S\u00e9rie 2900 Hybride Aluminium\/vinyle Le meilleur des deux mondes! La porte patio innovante S\u00e9rie 2900 Hydride offre des avantages thermiques et structurels sup\u00e9rieurs, avec un niveau de performances in\u00e9gal\u00e9 dans les portes coulissantes en aluminium. Un entretien r\u00e9duit sassocie \u00e0 la qualit\u00e9, au style et \u00e0 la beaut\u00e9 quoffre [&hellip;]<\/p>\n","protected":false},"author":2,"featured_media":1526,"parent":1703,"menu_order":3,"comment_status":"closed","ping_status":"closed","template":"","meta":[],"yoast_head":"<!-- This site is optimized with the Yoast SEO plugin v16.3 - https:\/\/yoast.com\/wordpress\/plugins\/seo\/ -->\n<title>S\u00e9rie 2900 Hybride Aluminium\/vinyle | Sunview Patio Doors<\/title>\n<meta name=\"robots\" content=\"noindex, follow, max-snippet:-1, max-image-preview:large, max-video-preview:-1\" \/>\n<meta property=\"og:locale\" content=\"fr_FR\" \/>\n<meta property=\"og:type\" content=\"article\" \/>\n<meta property=\"og:title\" content=\"S\u00e9rie 2900 Hybride Aluminium\/vinyle | Sunview Patio Doors\" \/>\n<meta property=\"og:description\" content=\"retour \u00e0 portes patio en aluminium S\u00e9rie 2900 Hybride Aluminium\/vinyle Le meilleur des deux mondes! La porte patio innovante S\u00e9rie 2900 Hydride offre des avantages thermiques et structurels sup\u00e9rieurs, avec un niveau de performances in\u00e9gal\u00e9 dans les portes coulissantes en aluminium. Un entretien r\u00e9duit sassocie \u00e0 la qualit\u00e9, au style et \u00e0 la beaut\u00e9 quoffre [&hellip;]\" \/>\n<meta property=\"og:url\" content=\"https:\/\/sunviewdoors.mydev.ca\/fr\/index.php\/aluminium\/2900-hybrid\/\" \/>\n<meta property=\"og:site_name\" content=\"Sunview Patio Doors\" \/>\n<meta property=\"article:modified_time\" content=\"2021-05-21T12:19:58+00:00\" \/>\n<meta property=\"og:image\" content=\"https:\/\/sunviewdoors.mydev.ca\/wp-content\/uploads\/2020\/09\/Buckingham-1000-Patio-Door.png\" \/>\n\t<meta property=\"og:image:width\" content=\"475\" \/>\n\t<meta property=\"og:image:height\" content=\"629\" \/>\n<meta name=\"twitter:card\" content=\"summary_large_image\" \/>\n<meta name=\"twitter:label1\" content=\"Dur\u00e9e de lecture est.\">\n\t<meta name=\"twitter:data1\" content=\"2 minutes\">\n<script type=\"application\/ld+json\" class=\"yoast-schema-graph\">{\"@context\":\"https:\/\/schema.org\",\"@graph\":[{\"@type\":\"Organization\",\"@id\":\"https:\/\/sunviewdoors.mydev.ca\/#organization\",\"name\":\"Sunview Patio Doors Ltd.\",\"url\":\"https:\/\/sunviewdoors.mydev.ca\/\",\"sameAs\":[],\"logo\":{\"@type\":\"ImageObject\",\"@id\":\"https:\/\/sunviewdoors.mydev.ca\/#logo\",\"inLanguage\":\"fr-FR\",\"url\":\"https:\/\/sunviewdoors.mydev.ca\/wp-content\/uploads\/2020\/10\/SV-Logo-1000x722-1.jpg\",\"contentUrl\":\"https:\/\/sunviewdoors.mydev.ca\/wp-content\/uploads\/2020\/10\/SV-Logo-1000x722-1.jpg\",\"width\":1000,\"height\":722,\"caption\":\"Sunview Patio Doors Ltd.\"},\"image\":{\"@id\":\"https:\/\/sunviewdoors.mydev.ca\/#logo\"}},{\"@type\":\"WebSite\",\"@id\":\"https:\/\/sunviewdoors.mydev.ca\/#website\",\"url\":\"https:\/\/sunviewdoors.mydev.ca\/\",\"name\":\"Sunview Patio Doors\",\"description\":\"Simply the industry&#039;s best!\",\"publisher\":{\"@id\":\"https:\/\/sunviewdoors.mydev.ca\/#organization\"},\"potentialAction\":[{\"@type\":\"SearchAction\",\"target\":\"https:\/\/sunviewdoors.mydev.ca\/?s={search_term_string}\",\"query-input\":\"required name=search_term_string\"}],\"inLanguage\":\"fr-FR\"},{\"@type\":\"ImageObject\",\"@id\":\"https:\/\/sunviewdoors.mydev.ca\/fr\/index.php\/aluminium\/2900-hybrid\/#primaryimage\",\"inLanguage\":\"fr-FR\",\"url\":\"https:\/\/sunviewdoors.mydev.ca\/wp-content\/uploads\/2020\/09\/Buckingham-1000-Patio-Door.png\",\"contentUrl\":\"https:\/\/sunviewdoors.mydev.ca\/wp-content\/uploads\/2020\/09\/Buckingham-1000-Patio-Door.png\",\"width\":475,\"height\":629},{\"@type\":\"WebPage\",\"@id\":\"https:\/\/sunviewdoors.mydev.ca\/fr\/index.php\/aluminium\/2900-hybrid\/#webpage\",\"url\":\"https:\/\/sunviewdoors.mydev.ca\/fr\/index.php\/aluminium\/2900-hybrid\/\",\"name\":\"S\\u00e9rie 2900 Hybride Aluminium\/vinyle | Sunview Patio Doors\",\"isPartOf\":{\"@id\":\"https:\/\/sunviewdoors.mydev.ca\/#website\"},\"primaryImageOfPage\":{\"@id\":\"https:\/\/sunviewdoors.mydev.ca\/fr\/index.php\/aluminium\/2900-hybrid\/#primaryimage\"},\"datePublished\":\"2020-11-02T13:28:29+00:00\",\"dateModified\":\"2021-05-21T12:19:58+00:00\",\"breadcrumb\":{\"@id\":\"https:\/\/sunviewdoors.mydev.ca\/fr\/index.php\/aluminium\/2900-hybrid\/#breadcrumb\"},\"inLanguage\":\"fr-FR\",\"potentialAction\":[{\"@type\":\"ReadAction\",\"target\":[\"https:\/\/sunviewdoors.mydev.ca\/fr\/index.php\/aluminium\/2900-hybrid\/\"]}]},{\"@type\":\"BreadcrumbList\",\"@id\":\"https:\/\/sunviewdoors.mydev.ca\/fr\/index.php\/aluminium\/2900-hybrid\/#breadcrumb\",\"itemListElement\":[{\"@type\":\"ListItem\",\"position\":1,\"item\":{\"@type\":\"WebPage\",\"@id\":\"https:\/\/sunviewdoors.mydev.ca\/fr\/\",\"url\":\"https:\/\/sunviewdoors.mydev.ca\/fr\/\",\"name\":\"Home\"}},{\"@type\":\"ListItem\",\"position\":2,\"item\":{\"@type\":\"WebPage\",\"@id\":\"https:\/\/sunviewdoors.mydev.ca\/fr\/index.php\/aluminium\/\",\"url\":\"https:\/\/sunviewdoors.mydev.ca\/fr\/index.php\/aluminium\/\",\"name\":\"Portes Patio en Aluminium\"}},{\"@type\":\"ListItem\",\"position\":3,\"item\":{\"@id\":\"https:\/\/sunviewdoors.mydev.ca\/fr\/index.php\/aluminium\/2900-hybrid\/#webpage\"}}]}]}<\/script>\n<!-- \/ Yoast SEO plugin. -->","_links":{"self":[{"href":"https:\/\/sunviewdoors.mydev.ca\/fr\/index.php\/wp-json\/wp\/v2\/pages\/1757"}],"collection":[{"href":"https:\/\/sunviewdoors.mydev.ca\/fr\/index.php\/wp-json\/wp\/v2\/pages"}],"about":[{"href":"https:\/\/sunviewdoors.mydev.ca\/fr\/index.php\/wp-json\/wp\/v2\/types\/page"}],"author":[{"embeddable":true,"href":"https:\/\/sunviewdoors.mydev.ca\/fr\/index.php\/wp-json\/wp\/v2\/users\/2"}],"replies":[{"embeddable":true,"href":"https:\/\/sunviewdoors.mydev.ca\/fr\/index.php\/wp-json\/wp\/v2\/comments?post=1757"}],"version-history":[{"count":38,"href":"https:\/\/sunviewdoors.mydev.ca\/fr\/index.php\/wp-json\/wp\/v2\/pages\/1757\/revisions"}],"predecessor-version":[{"id":4309,"href":"https:\/\/sunviewdoors.mydev.ca\/fr\/index.php\/wp-json\/wp\/v2\/pages\/1757\/revisions\/4309"}],"up":[{"embeddable":true,"href":"https:\/\/sunviewdoors.mydev.ca\/fr\/index.php\/wp-json\/wp\/v2\/pages\/1703"}],"wp:featuredmedia":[{"embeddable":true,"href":"https:\/\/sunviewdoors.mydev.ca\/fr\/index.php\/wp-json\/wp\/v2\/media\/1526"}],"wp:attachment":[{"href":"https:\/\/sunviewdoors.mydev.ca\/fr\/index.php\/wp-json\/wp\/v2\/media?parent=1757"}],"curies":[{"name":"wp","href":"https:\/\/api.w.org\/{rel}","templated":true}]}}