{"id":1721,"date":"2020-09-28T20:14:18","date_gmt":"2020-09-28T20:14:18","guid":{"rendered":"https:\/\/sunviewdoors.mydev.ca\/index.php\/products-all-doors\/"},"modified":"2021-05-21T11:01:46","modified_gmt":"2021-05-21T11:01:46","slug":"gamme-de-produits-sunview","status":"publish","type":"page","link":"https:\/\/sunviewdoors.mydev.ca\/fr\/index.php\/gamme-de-produits-sunview\/","title":{"rendered":"Gamme de produits Sunview"},"content":{"rendered":"<h1 style=\"\">Portefeuille de Produits<\/h1>\n<h2>Portes en aluminium<\/h2>\n<p style=\"\">Nos portes patio en aluminium offrent des avantages sup\u00e9rieurs en termes thermiques et structurels, qui fournissent des niveaux de performances in\u00e9gal\u00e9s.<\/p>\n<p><a href=\"https:\/\/sunviewdoors.mydev.ca\/fr\/index.php\/aluminium\/1200-series\/\" rel=\"\"><strong><span style=\"color: var(--tcb-skin-color-4);\">Se\u0301rie 1200&nbsp;<\/span><span style=\"color: var(--tcb-skin-color-0);\">&gt;<\/span><\/strong><\/a><a href=\"https:\/\/sunviewdoors.mydev.ca\/fr\/index.php\/aluminium\/2900-series\/\" rel=\"\"><strong><span style=\"color: var(--tcb-skin-color-4);\">Se\u0301rie 2900&nbsp;<\/span><strong><span>&gt;<\/span><\/strong><\/strong><\/a><a href=\"https:\/\/sunviewdoors.mydev.ca\/fr\/index.php\/aluminium\/2900-hybrid\/\" rel=\"\"><strong><span style=\"color: var(--tcb-skin-color-4);\">Se\u0301rie 2900 Hybride&nbsp;<\/span><strong><span>&gt;<\/span><\/strong><\/strong><\/a><\/p>\n<h2>Portes en vinyle \u2013 S\u00e9rie Premium<\/h2>\n<p>C\u2019est la fiert\u00e9 de Sunview : valeur \u00e9lev\u00e9e, performances sup\u00e9rieures et style \u00e9l\u00e9gant dans chaque \u00e9l\u00e9ment.<\/p>\n<p><a href=\"https:\/\/sunviewdoors.mydev.ca\/fr\/index.php\/vinyle\/kent\/\"><strong><span style=\"color: var(--tcb-skin-color-4);\">Kent \u2013 S\u00e9rie Premium&nbsp;<\/span>&nbsp;<strong><span>&gt;<\/span><\/strong><\/strong><\/a><a href=\"https:\/\/sunviewdoors.mydev.ca\/fr\/index.php\/vinyle\/newcastle\/\"><strong><span style=\"color: var(--tcb-skin-color-4);\">Newcastle <strong><span>\u2013 S\u00e9rie Premium<\/span><\/strong><\/span>&nbsp;&nbsp;<strong><span>&gt;<\/span><\/strong><\/strong><\/a><a href=\"https:\/\/sunviewdoors.mydev.ca\/fr\/index.php\/vinyle\/essex\/\"><strong><span style=\"color: var(--tcb-skin-color-4);\">Essex \u2013 S\u00e9rie Premium<\/span><strong><span style=\"color: var(--tcb-skin-color-4);\">&nbsp;<\/span>&nbsp;<span>&gt;<\/span><\/strong><\/strong><\/a><\/p>\n<h2>Portes en vinyle \u2013 S\u00e9rie Performance<\/h2>\n<p>Les portes de la s\u00e9rie Performance sont fabriqu\u00e9es \u00e0 partir du vinyle le plus en pointe et sont in\u00e9gal\u00e9es en solidit\u00e9 et en r\u00e9sistance contre l\u2019usure.<\/p>\n<p><a href=\"https:\/\/sunviewdoors.mydev.ca\/fr\/index.php\/vinyle\/victorian\/\"><strong><span style=\"color: var(--tcb-skin-color-4);\">Victorian \u2013 S\u00e9rie Performance<\/span><strong>&nbsp;<span>&gt;<\/span><\/strong><\/strong><\/a><a href=\"https:\/\/sunviewdoors.mydev.ca\/fr\/index.php\/vinyle\/buckingham-1000\/\"><strong><span style=\"color: var(--tcb-skin-color-4);\">Buckingham \u2013 S\u00e9rie Performance<\/span><strong><span style=\"color: var(--tcb-skin-color-4);\">&nbsp;&nbsp;<\/span><span>&gt;<\/span><\/strong><\/strong><\/a><\/p>\n<h2 style=\"\">Portes en vinyle \u2013 S\u00e9rie Standard<\/h2>\n<p style=\"\">Les portes patio Brighton et Windsor sont \u00e9conomiques tout en procurant qualit\u00e9, \u00e9l\u00e9gance et bien des avantages de nos mod\u00e8les sup\u00e9rieurs.<\/p>\n<p><a href=\"https:\/\/sunviewdoors.mydev.ca\/fr\/index.php\/vinyle\/brighton\/\"><strong><span style=\"font-family: Arial, Helvetica, sans-serif; color:var(--tcb-skin-color-4);\">Brighton \u2013 S\u00e9rie Standard<\/span><strong><span style=\"color: var(--tcb-skin-color-4);\"><span style=\"font-family: Arial, Helvetica, sans-serif;\">&nbsp;&nbsp;<\/span><\/span><span>&gt;<\/span><\/strong><\/strong><\/a><a href=\"https:\/\/sunviewdoors.mydev.ca\/fr\/index.php\/vinyle\/windsor\/\"><strong><span style=\"color: var(--tcb-skin-color-4);\">Windsor \u2013 S\u00e9rie Standard<\/span><strong><span style=\"color: var(--tcb-skin-color-4);\">&nbsp;&nbsp;<\/span><span>&gt;<\/span><\/strong><\/strong><\/a><\/p>\n<h2 style=\"\">Syst\u00e8mes de murs de verre<\/h2>\n<p style=\"\">Gr\u00e2ce \u00e0 une esth\u00e9tique luxueuse, de hautes performances et de nombreux cas d\u2019utilisations, nos syst\u00e8mes de murs de verre relient les gens \u00e0 la pleine nature.<\/p>\n<p><a href=\"https:\/\/sunviewdoors.mydev.ca\/fr\/index.php\/systemes-de-paroi-en-verre\/muskoka\/\"><strong><span style=\"color: var(--tcb-skin-color-4);\">Syst\u00e8mes Muraux Pliants En Verre Muskoka<\/span><strong><span style=\"color: var(--tcb-skin-color-4);\">&nbsp;&nbsp;<\/span><span>&gt;<\/span><\/strong><\/strong><\/a><a href=\"https:\/\/sunviewdoors.mydev.ca\/fr\/index.php\/systemes-de-paroi-en-verre\/leggera\/\"><strong><span style=\"color: var(--tcb-skin-color-4);\">Syst\u00e8me des murs de verre Leggera<\/span><strong><span style=\"color: var(--tcb-skin-color-4);\">&nbsp;&nbsp;<\/span><span>&gt;<\/span><\/strong><\/strong><\/a><\/p>\n","protected":false},"excerpt":{"rendered":"<p>Portefeuille de Produits Portes en aluminium Nos portes patio en aluminium offrent des avantages sup\u00e9rieurs en termes thermiques et structurels, qui fournissent des niveaux de performances in\u00e9gal\u00e9s. Se\u0301rie 1200&nbsp;&gt;Se\u0301rie 2900&nbsp;&gt;Se\u0301rie 2900 Hybride&nbsp;&gt; Portes en vinyle \u2013 S\u00e9rie Premium C\u2019est la fiert\u00e9 de Sunview : valeur \u00e9lev\u00e9e, performances sup\u00e9rieures et style \u00e9l\u00e9gant dans chaque \u00e9l\u00e9ment. Kent [&hellip;]<\/p>\n","protected":false},"author":2,"featured_media":0,"parent":0,"menu_order":0,"comment_status":"closed","ping_status":"closed","template":"","meta":[],"yoast_head":"<!-- This site is optimized with the Yoast SEO plugin v16.3 - https:\/\/yoast.com\/wordpress\/plugins\/seo\/ -->\n<title>Gamme de produits Sunview | Sunview Patio Doors<\/title>\n<meta name=\"robots\" content=\"noindex, follow, max-snippet:-1, max-image-preview:large, max-video-preview:-1\" \/>\n<meta property=\"og:locale\" content=\"fr_FR\" \/>\n<meta property=\"og:type\" content=\"article\" \/>\n<meta property=\"og:title\" content=\"Gamme de produits Sunview | Sunview Patio Doors\" \/>\n<meta property=\"og:description\" content=\"Portefeuille de Produits Portes en aluminium Nos portes patio en aluminium offrent des avantages sup\u00e9rieurs en termes thermiques et structurels, qui fournissent des niveaux de performances in\u00e9gal\u00e9s. Se\u0301rie 1200&nbsp;&gt;Se\u0301rie 2900&nbsp;&gt;Se\u0301rie 2900 Hybride&nbsp;&gt; Portes en vinyle \u2013 S\u00e9rie Premium C\u2019est la fiert\u00e9 de Sunview : valeur \u00e9lev\u00e9e, performances sup\u00e9rieures et style \u00e9l\u00e9gant dans chaque \u00e9l\u00e9ment. Kent [&hellip;]\" \/>\n<meta property=\"og:url\" content=\"https:\/\/sunviewdoors.mydev.ca\/fr\/index.php\/gamme-de-produits-sunview\/\" \/>\n<meta property=\"og:site_name\" content=\"Sunview Patio Doors\" \/>\n<meta property=\"article:modified_time\" content=\"2021-05-21T11:01:46+00:00\" \/>\n<meta name=\"twitter:card\" content=\"summary_large_image\" \/>\n<meta name=\"twitter:label1\" content=\"Dur\u00e9e de lecture est.\">\n\t<meta name=\"twitter:data1\" content=\"1 minute\">\n<script type=\"application\/ld+json\" class=\"yoast-schema-graph\">{\"@context\":\"https:\/\/schema.org\",\"@graph\":[{\"@type\":\"Organization\",\"@id\":\"https:\/\/sunviewdoors.mydev.ca\/#organization\",\"name\":\"Sunview Patio Doors Ltd.\",\"url\":\"https:\/\/sunviewdoors.mydev.ca\/\",\"sameAs\":[],\"logo\":{\"@type\":\"ImageObject\",\"@id\":\"https:\/\/sunviewdoors.mydev.ca\/#logo\",\"inLanguage\":\"fr-FR\",\"url\":\"https:\/\/sunviewdoors.mydev.ca\/wp-content\/uploads\/2020\/10\/SV-Logo-1000x722-1.jpg\",\"contentUrl\":\"https:\/\/sunviewdoors.mydev.ca\/wp-content\/uploads\/2020\/10\/SV-Logo-1000x722-1.jpg\",\"width\":1000,\"height\":722,\"caption\":\"Sunview Patio Doors Ltd.\"},\"image\":{\"@id\":\"https:\/\/sunviewdoors.mydev.ca\/#logo\"}},{\"@type\":\"WebSite\",\"@id\":\"https:\/\/sunviewdoors.mydev.ca\/#website\",\"url\":\"https:\/\/sunviewdoors.mydev.ca\/\",\"name\":\"Sunview Patio Doors\",\"description\":\"Simply the industry&#039;s best!\",\"publisher\":{\"@id\":\"https:\/\/sunviewdoors.mydev.ca\/#organization\"},\"potentialAction\":[{\"@type\":\"SearchAction\",\"target\":\"https:\/\/sunviewdoors.mydev.ca\/?s={search_term_string}\",\"query-input\":\"required name=search_term_string\"}],\"inLanguage\":\"fr-FR\"},{\"@type\":\"WebPage\",\"@id\":\"https:\/\/sunviewdoors.mydev.ca\/fr\/index.php\/gamme-de-produits-sunview\/#webpage\",\"url\":\"https:\/\/sunviewdoors.mydev.ca\/fr\/index.php\/gamme-de-produits-sunview\/\",\"name\":\"Gamme de produits Sunview | Sunview Patio Doors\",\"isPartOf\":{\"@id\":\"https:\/\/sunviewdoors.mydev.ca\/#website\"},\"datePublished\":\"2020-09-28T20:14:18+00:00\",\"dateModified\":\"2021-05-21T11:01:46+00:00\",\"breadcrumb\":{\"@id\":\"https:\/\/sunviewdoors.mydev.ca\/fr\/index.php\/gamme-de-produits-sunview\/#breadcrumb\"},\"inLanguage\":\"fr-FR\",\"potentialAction\":[{\"@type\":\"ReadAction\",\"target\":[\"https:\/\/sunviewdoors.mydev.ca\/fr\/index.php\/gamme-de-produits-sunview\/\"]}]},{\"@type\":\"BreadcrumbList\",\"@id\":\"https:\/\/sunviewdoors.mydev.ca\/fr\/index.php\/gamme-de-produits-sunview\/#breadcrumb\",\"itemListElement\":[{\"@type\":\"ListItem\",\"position\":1,\"item\":{\"@type\":\"WebPage\",\"@id\":\"https:\/\/sunviewdoors.mydev.ca\/fr\/\",\"url\":\"https:\/\/sunviewdoors.mydev.ca\/fr\/\",\"name\":\"Home\"}},{\"@type\":\"ListItem\",\"position\":2,\"item\":{\"@id\":\"https:\/\/sunviewdoors.mydev.ca\/fr\/index.php\/gamme-de-produits-sunview\/#webpage\"}}]}]}<\/script>\n<!-- \/ Yoast SEO plugin. -->","_links":{"self":[{"href":"https:\/\/sunviewdoors.mydev.ca\/fr\/index.php\/wp-json\/wp\/v2\/pages\/1721"}],"collection":[{"href":"https:\/\/sunviewdoors.mydev.ca\/fr\/index.php\/wp-json\/wp\/v2\/pages"}],"about":[{"href":"https:\/\/sunviewdoors.mydev.ca\/fr\/index.php\/wp-json\/wp\/v2\/types\/page"}],"author":[{"embeddable":true,"href":"https:\/\/sunviewdoors.mydev.ca\/fr\/index.php\/wp-json\/wp\/v2\/users\/2"}],"replies":[{"embeddable":true,"href":"https:\/\/sunviewdoors.mydev.ca\/fr\/index.php\/wp-json\/wp\/v2\/comments?post=1721"}],"version-history":[{"count":24,"href":"https:\/\/sunviewdoors.mydev.ca\/fr\/index.php\/wp-json\/wp\/v2\/pages\/1721\/revisions"}],"predecessor-version":[{"id":4282,"href":"https:\/\/sunviewdoors.mydev.ca\/fr\/index.php\/wp-json\/wp\/v2\/pages\/1721\/revisions\/4282"}],"wp:attachment":[{"href":"https:\/\/sunviewdoors.mydev.ca\/fr\/index.php\/wp-json\/wp\/v2\/media?parent=1721"}],"curies":[{"name":"wp","href":"https:\/\/api.w.org\/{rel}","templated":true}]}}