{"id":1686,"date":"2020-10-26T20:15:24","date_gmt":"2020-10-26T20:15:24","guid":{"rendered":"https:\/\/sunviewdoors.mydev.ca\/?page_id=1686"},"modified":"2021-05-20T14:03:19","modified_gmt":"2021-05-20T14:03:19","slug":"2900-series","status":"publish","type":"page","link":"https:\/\/sunviewdoors.mydev.ca\/fr\/index.php\/aluminium\/2900-series\/","title":{"rendered":"Se\u0301rie 2900 Aluminium"},"content":{"rendered":"<p><a href=\"https:\/\/sunviewdoors.mydev.ca\/fr\/index.php\/aluminium\/\"><\/a><a href=\"https:\/\/sunviewdoors.mydev.ca\/fr\/index.php\/aluminium\/\" style=\"outline: none;\">retour \u00e0 portes patio en aluminium<\/a><\/p>\n<h1 style=\"\"><strong><strong>Se\u0301rie 2900 Aluminium<\/strong><\/strong><\/h1>\n<p><span style=\"\"><img alt=\"\" data-id=\"655\" data-init-width=\"4288\" data-init-height=\"2848\" title=\"2900_Door_Inside-Black\" loading=\"lazy\" src=\"https:\/\/sunviewdoors.mydev.ca\/wp-content\/uploads\/2020\/11\/2900_Door_Inside-Black-e1604580757402.png\" data-width=\"1040\" data-height=\"691\" style=\"\" mt-d=\"0\" center-v-d=\"false\" ml-d=\"-286\" center-h-d=\"true\" ml-m=\"-180\" center-h-m=\"true\" width=\"1040\" height=\"691\"><\/span><\/p>\n<p><strong>La Porte de Se\u0301rie 2900 aluminium Thermal<\/strong><\/p>\n<p><span>La porte patio innovante <strong><strong><span>Se\u0301rie 2900 aluminium<\/span><\/strong><\/strong>,&nbsp;offre des avantages thermiques et structurels supe\u0301rieurs, avec un niveau de performances ine\u0301gale\u0301 dans les portes coulissantes en aluminium. Un entretien re\u0301duit s\u2019associe a\u0300 la qualite\u0301, au style et a\u0300 la beaute\u0301 qu\u2019offre le savoir-faire Sunview. Ajoutez a\u0300 cela une isolation ame\u0301liore\u0301e pour des e\u0301conomies d\u2019e\u0301nergie par temps froid. Les portes en aluminium jouent e\u0301galement un grand ro\u0302le dans le contro\u0302le des tempe\u0301ratures en e\u0301te\u0301.<\/span><\/p>\n<p><span>Choisissez la porte patio&nbsp;<strong><strong><span>Se\u0301rie 2900 aluminium<\/span><\/strong><\/strong>, Thermal pour sa solidite\u0301 et sa durabilite\u0301, associe\u0301es a\u0300 une technologie thermique et a\u0300 la meilleure polyvalence en configurations.<\/span><\/p>\n<p style=\"color: rgb(69, 90, 101) !important; --tcb-applied-color:rgb(69, 90, 101)                        !important;\"><strong>Caract\u00e9ristiques<\/strong><\/p>\n<ul>\n<li>Syste\u0300me de barrie\u0300re thermique a\u0300 entretoises polyamide<\/li>\n<li>Ensemble du cadre muni de barrie\u0300res thermiques doubles<\/li>\n<li>Vitrages doubles et triples en option<\/li>\n<li>Conception unique de barrie\u0300re thermique par rails de rencontre de\u0301cale\u0301s<\/li>\n<li>Rails de rencontre tubulaires robustes<\/li>\n<li>Seuil a\u0300 pression e\u0301galise\u0301e<\/li>\n<li>Profondeurs de cadre de 5 et 5\u215d po<\/li>\n<\/ul>\n<p><strong>Performances<\/strong><\/p>\n<ul>\n<li>Coefficient U de 1,42 W\/m2 K (0,25 BTU\/h x pi2 x oF), avec vitrage triple et verre Low-E \u00e0 remplissage argon<\/li>\n<li>Conforme \u00e0 la norme de zone 2 ENERGY STAR<span style=\"text-transform: none;\">\u1d39\u1d30<\/span> au Canada<\/li>\n<li>Conforme aux exigences de fl\u00e9chissement et de structure de la norme CW-PG40 de NAFS<\/li>\n<li>\u00c9tanch\u00e9it\u00e9 \u00e0 l\u2019eau \u00e0 580 Pa (12 lb\/pi2)<\/li>\n<\/ul>\n<p><span style=\"\"><img alt=\"\" data-id=\"661\" data-init-width=\"2000\" data-init-height=\"1068\" title=\"Modern_Interior-9900Black\" src=\"https:\/\/sunviewdoors.mydev.ca\/wp-content\/uploads\/2020\/11\/Modern_Interior-9900Black.jpg\" data-width=\"610\" data-height=\"326\" style=\"\" ml-d=\"-2\" mt-d=\"0\" center-v-d=\"false\" loading=\"lazy\" width=\"610\" height=\"326\"><\/span><a href=\"https:\/\/sunviewdoors.mydev.ca\/wp-content\/uploads\/2021\/02\/SV-2900-FR-31-Aug-20.pdf\" target=\"_blank\" rel=\"noopener\"><\/a><\/p>\n<p style=\"text-align: center;\"><a href=\"https:\/\/sunviewdoors.mydev.ca\/wp-content\/uploads\/2021\/02\/SV-2900-FR-31-Aug-20.pdf\" target=\"_blank\" style=\"outline: currentcolor none medium;\" rel=\"noopener\">Te\u0301le\u0301charger le brochure<\/a><\/p>\n<p style=\"text-align: center;\"><strong><a href=\"https:\/\/www.arcat.com\/\" style=\"outline: none;\">ARCAT.com<\/a> <\/strong><span style=\"font-size: 14px;\">(en anglais)<\/span><\/p>\n<p style=\"text-align: center;\"><a href=\"https:\/\/www.arcat.com\/downloads\/search-51586-sunview_patio\/cad\/Q:2900\/198456\" style=\"outline: none;\">D\u00e9tail CAO<\/a><\/p>\n<p style=\"text-align: center;\"><a href=\"https:\/\/www.arcat.com\/sdspecs\/htm04\/08_32_13sun.htm\" style=\"outline: none;\">Sp\u00e9cifications CSI<\/a><\/p>\n<p><span style=\"\"><img alt=\"\" data-id=\"661\" data-init-width=\"2000\" data-init-height=\"1068\" title=\"Modern_Interior-9900Black\" src=\"https:\/\/sunviewdoors.mydev.ca\/wp-content\/uploads\/2020\/11\/Modern_Interior-9900Black.jpg\" data-width=\"610\" data-height=\"326\" style=\"\" ml-d=\"-2\" mt-d=\"0\" center-v-d=\"false\" loading=\"lazy\" ml-m=\"-31\" center-h-m=\"true\" width=\"610\" height=\"326\"><\/span><a href=\"https:\/\/sunviewdoors.mydev.ca\/wp-content\/uploads\/2021\/02\/SV-2900-FR-31-Aug-20.pdf\" target=\"_blank\" rel=\"noopener\"><\/a><\/p>\n<p style=\"text-align: center;\"><a href=\"https:\/\/sunviewdoors.mydev.ca\/wp-content\/uploads\/2021\/02\/SV-2900-FR-31-Aug-20.pdf\" target=\"_blank\" style=\"outline: currentcolor none medium;\" rel=\"noopener\">Te\u0301le\u0301charger le brochure<\/a><\/p>\n<p style=\"text-align: center;\"><strong><a href=\"https:\/\/www.arcat.com\/\" style=\"outline: none;\">ARCAT.com<\/a> <\/strong><span>(en anglais)<\/span><\/p>\n<p style=\"text-align: center;\"><a href=\"https:\/\/www.arcat.com\/downloads\/search-51586-sunview_patio\/cad\/Q:2900\/198456\" style=\"outline: none;\">D\u00e9tail CAO<\/a><\/p>\n<p style=\"text-align: center;\"><a href=\"https:\/\/www.arcat.com\/sdspecs\/htm04\/08_32_13sun.htm\" style=\"outline: none;\">Sp\u00e9cifications CSI<\/a><\/p>\n<h2 style=\"text-align: center;\">Regardez notre vid\u00e9o d&#8217;installation de la s\u00e9rie 2900!<\/h2>\n","protected":false},"excerpt":{"rendered":"<p>retour \u00e0 portes patio en aluminium Se\u0301rie 2900 Aluminium La Porte de Se\u0301rie 2900 aluminium Thermal La porte patio innovante Se\u0301rie 2900 aluminium,&nbsp;offre des avantages thermiques et structurels supe\u0301rieurs, avec un niveau de performances ine\u0301gale\u0301 dans les portes coulissantes en aluminium. Un entretien re\u0301duit s\u2019associe a\u0300 la qualite\u0301, au style et a\u0300 la beaute\u0301 qu\u2019offre [&hellip;]<\/p>\n","protected":false},"author":2,"featured_media":1526,"parent":1703,"menu_order":2,"comment_status":"closed","ping_status":"closed","template":"","meta":[],"yoast_head":"<!-- This site is optimized with the Yoast SEO plugin v16.3 - https:\/\/yoast.com\/wordpress\/plugins\/seo\/ -->\n<title>Se\u0301rie 2900 Aluminium | Sunview Patio Doors<\/title>\n<meta name=\"robots\" content=\"noindex, follow, max-snippet:-1, max-image-preview:large, max-video-preview:-1\" \/>\n<meta property=\"og:locale\" content=\"fr_FR\" \/>\n<meta property=\"og:type\" content=\"article\" \/>\n<meta property=\"og:title\" content=\"Se\u0301rie 2900 Aluminium | Sunview Patio Doors\" \/>\n<meta property=\"og:description\" content=\"retour \u00e0 portes patio en aluminium Se\u0301rie 2900 Aluminium La Porte de Se\u0301rie 2900 aluminium Thermal La porte patio innovante Se\u0301rie 2900 aluminium,&nbsp;offre des avantages thermiques et structurels supe\u0301rieurs, avec un niveau de performances ine\u0301gale\u0301 dans les portes coulissantes en aluminium. Un entretien re\u0301duit s\u2019associe a\u0300 la qualite\u0301, au style et a\u0300 la beaute\u0301 qu\u2019offre [&hellip;]\" \/>\n<meta property=\"og:url\" content=\"https:\/\/sunviewdoors.mydev.ca\/fr\/index.php\/aluminium\/2900-series\/\" \/>\n<meta property=\"og:site_name\" content=\"Sunview Patio Doors\" \/>\n<meta property=\"article:modified_time\" content=\"2021-05-20T14:03:19+00:00\" \/>\n<meta property=\"og:image\" content=\"https:\/\/sunviewdoors.mydev.ca\/wp-content\/uploads\/2020\/09\/Buckingham-1000-Patio-Door.png\" \/>\n\t<meta property=\"og:image:width\" content=\"475\" \/>\n\t<meta property=\"og:image:height\" content=\"629\" \/>\n<meta name=\"twitter:card\" content=\"summary_large_image\" \/>\n<meta name=\"twitter:label1\" content=\"Dur\u00e9e de lecture est.\">\n\t<meta name=\"twitter:data1\" content=\"2 minutes\">\n<script type=\"application\/ld+json\" class=\"yoast-schema-graph\">{\"@context\":\"https:\/\/schema.org\",\"@graph\":[{\"@type\":\"Organization\",\"@id\":\"https:\/\/sunviewdoors.mydev.ca\/#organization\",\"name\":\"Sunview Patio Doors Ltd.\",\"url\":\"https:\/\/sunviewdoors.mydev.ca\/\",\"sameAs\":[],\"logo\":{\"@type\":\"ImageObject\",\"@id\":\"https:\/\/sunviewdoors.mydev.ca\/#logo\",\"inLanguage\":\"fr-FR\",\"url\":\"https:\/\/sunviewdoors.mydev.ca\/wp-content\/uploads\/2020\/10\/SV-Logo-1000x722-1.jpg\",\"contentUrl\":\"https:\/\/sunviewdoors.mydev.ca\/wp-content\/uploads\/2020\/10\/SV-Logo-1000x722-1.jpg\",\"width\":1000,\"height\":722,\"caption\":\"Sunview Patio Doors Ltd.\"},\"image\":{\"@id\":\"https:\/\/sunviewdoors.mydev.ca\/#logo\"}},{\"@type\":\"WebSite\",\"@id\":\"https:\/\/sunviewdoors.mydev.ca\/#website\",\"url\":\"https:\/\/sunviewdoors.mydev.ca\/\",\"name\":\"Sunview Patio Doors\",\"description\":\"Simply the industry&#039;s best!\",\"publisher\":{\"@id\":\"https:\/\/sunviewdoors.mydev.ca\/#organization\"},\"potentialAction\":[{\"@type\":\"SearchAction\",\"target\":\"https:\/\/sunviewdoors.mydev.ca\/?s={search_term_string}\",\"query-input\":\"required name=search_term_string\"}],\"inLanguage\":\"fr-FR\"},{\"@type\":\"ImageObject\",\"@id\":\"https:\/\/sunviewdoors.mydev.ca\/fr\/index.php\/aluminium\/2900-series\/#primaryimage\",\"inLanguage\":\"fr-FR\",\"url\":\"https:\/\/sunviewdoors.mydev.ca\/wp-content\/uploads\/2020\/09\/Buckingham-1000-Patio-Door.png\",\"contentUrl\":\"https:\/\/sunviewdoors.mydev.ca\/wp-content\/uploads\/2020\/09\/Buckingham-1000-Patio-Door.png\",\"width\":475,\"height\":629},{\"@type\":\"WebPage\",\"@id\":\"https:\/\/sunviewdoors.mydev.ca\/fr\/index.php\/aluminium\/2900-series\/#webpage\",\"url\":\"https:\/\/sunviewdoors.mydev.ca\/fr\/index.php\/aluminium\/2900-series\/\",\"name\":\"Se\\u0301rie 2900 Aluminium | Sunview Patio Doors\",\"isPartOf\":{\"@id\":\"https:\/\/sunviewdoors.mydev.ca\/#website\"},\"primaryImageOfPage\":{\"@id\":\"https:\/\/sunviewdoors.mydev.ca\/fr\/index.php\/aluminium\/2900-series\/#primaryimage\"},\"datePublished\":\"2020-10-26T20:15:24+00:00\",\"dateModified\":\"2021-05-20T14:03:19+00:00\",\"breadcrumb\":{\"@id\":\"https:\/\/sunviewdoors.mydev.ca\/fr\/index.php\/aluminium\/2900-series\/#breadcrumb\"},\"inLanguage\":\"fr-FR\",\"potentialAction\":[{\"@type\":\"ReadAction\",\"target\":[\"https:\/\/sunviewdoors.mydev.ca\/fr\/index.php\/aluminium\/2900-series\/\"]}]},{\"@type\":\"BreadcrumbList\",\"@id\":\"https:\/\/sunviewdoors.mydev.ca\/fr\/index.php\/aluminium\/2900-series\/#breadcrumb\",\"itemListElement\":[{\"@type\":\"ListItem\",\"position\":1,\"item\":{\"@type\":\"WebPage\",\"@id\":\"https:\/\/sunviewdoors.mydev.ca\/fr\/\",\"url\":\"https:\/\/sunviewdoors.mydev.ca\/fr\/\",\"name\":\"Home\"}},{\"@type\":\"ListItem\",\"position\":2,\"item\":{\"@type\":\"WebPage\",\"@id\":\"https:\/\/sunviewdoors.mydev.ca\/fr\/index.php\/aluminium\/\",\"url\":\"https:\/\/sunviewdoors.mydev.ca\/fr\/index.php\/aluminium\/\",\"name\":\"Portes Patio en Aluminium\"}},{\"@type\":\"ListItem\",\"position\":3,\"item\":{\"@id\":\"https:\/\/sunviewdoors.mydev.ca\/fr\/index.php\/aluminium\/2900-series\/#webpage\"}}]}]}<\/script>\n<!-- \/ Yoast SEO plugin. -->","_links":{"self":[{"href":"https:\/\/sunviewdoors.mydev.ca\/fr\/index.php\/wp-json\/wp\/v2\/pages\/1686"}],"collection":[{"href":"https:\/\/sunviewdoors.mydev.ca\/fr\/index.php\/wp-json\/wp\/v2\/pages"}],"about":[{"href":"https:\/\/sunviewdoors.mydev.ca\/fr\/index.php\/wp-json\/wp\/v2\/types\/page"}],"author":[{"embeddable":true,"href":"https:\/\/sunviewdoors.mydev.ca\/fr\/index.php\/wp-json\/wp\/v2\/users\/2"}],"replies":[{"embeddable":true,"href":"https:\/\/sunviewdoors.mydev.ca\/fr\/index.php\/wp-json\/wp\/v2\/comments?post=1686"}],"version-history":[{"count":44,"href":"https:\/\/sunviewdoors.mydev.ca\/fr\/index.php\/wp-json\/wp\/v2\/pages\/1686\/revisions"}],"predecessor-version":[{"id":4261,"href":"https:\/\/sunviewdoors.mydev.ca\/fr\/index.php\/wp-json\/wp\/v2\/pages\/1686\/revisions\/4261"}],"up":[{"embeddable":true,"href":"https:\/\/sunviewdoors.mydev.ca\/fr\/index.php\/wp-json\/wp\/v2\/pages\/1703"}],"wp:featuredmedia":[{"embeddable":true,"href":"https:\/\/sunviewdoors.mydev.ca\/fr\/index.php\/wp-json\/wp\/v2\/media\/1526"}],"wp:attachment":[{"href":"https:\/\/sunviewdoors.mydev.ca\/fr\/index.php\/wp-json\/wp\/v2\/media?parent=1686"}],"curies":[{"name":"wp","href":"https:\/\/api.w.org\/{rel}","templated":true}]}}